{"id":7110,"date":"2022-08-09T09:02:12","date_gmt":"2022-08-09T07:02:12","guid":{"rendered":"https:\/\/hotelmuza.sk\/room-search\/"},"modified":"2022-08-09T09:02:12","modified_gmt":"2022-08-09T07:02:12","slug":"room-search","status":"publish","type":"page","link":"https:\/\/hotelmuza.sk\/en\/room-search\/","title":{"rendered":"Room search"},"content":{"rendered":"","protected":false},"excerpt":{"rendered":"","protected":false},"author":1,"featured_media":0,"parent":0,"menu_order":0,"comment_status":"closed","ping_status":"closed","template":"","meta":{"footnotes":""},"class_list":["post-7110","page","type-page","status-publish","hentry"],"yoast_head":"<!-- This site is optimized with the Yoast SEO Premium plugin v27.0 (Yoast SEO v27.1) - https:\/\/yoast.com\/product\/yoast-seo-premium-wordpress\/ -->\n<title>Room search - Muza<\/title>\n<meta name=\"robots\" content=\"index, follow, max-snippet:-1, max-image-preview:large, max-video-preview:-1\" \/>\n<link rel=\"canonical\" href=\"https:\/\/hotelmuza.sk\/en\/room-search\/\" \/>\n<meta property=\"og:locale\" content=\"en_US\" \/>\n<meta property=\"og:type\" content=\"article\" \/>\n<meta property=\"og:title\" content=\"Room search\" \/>\n<meta property=\"og:url\" content=\"https:\/\/hotelmuza.sk\/en\/room-search\/\" \/>\n<meta property=\"og:site_name\" content=\"Muza\" \/>\n<meta name=\"twitter:card\" content=\"summary_large_image\" \/>\n<script type=\"application\/ld+json\" class=\"yoast-schema-graph\">{\"@context\":\"https:\/\/schema.org\",\"@graph\":[{\"@type\":\"WebPage\",\"@id\":\"https:\/\/hotelmuza.sk\/en\/room-search\/\",\"url\":\"https:\/\/hotelmuza.sk\/en\/room-search\/\",\"name\":\"Room search - Muza\",\"isPartOf\":{\"@id\":\"https:\/\/hotelmuza.sk\/#website\"},\"datePublished\":\"2022-08-09T07:02:12+00:00\",\"breadcrumb\":{\"@id\":\"https:\/\/hotelmuza.sk\/en\/room-search\/#breadcrumb\"},\"inLanguage\":\"en-US\",\"potentialAction\":[{\"@type\":\"ReadAction\",\"target\":[\"https:\/\/hotelmuza.sk\/en\/room-search\/\"]}]},{\"@type\":\"BreadcrumbList\",\"@id\":\"https:\/\/hotelmuza.sk\/en\/room-search\/#breadcrumb\",\"itemListElement\":[{\"@type\":\"ListItem\",\"position\":1,\"name\":\"Home\",\"item\":\"https:\/\/hotelmuza.sk\/en\/\"},{\"@type\":\"ListItem\",\"position\":2,\"name\":\"Room search\"}]},{\"@type\":\"WebSite\",\"@id\":\"https:\/\/hotelmuza.sk\/#website\",\"url\":\"https:\/\/hotelmuza.sk\/\",\"name\":\"Muza\",\"description\":\"Dizajnov\u00fd hotel v Ko\u0161iciach\",\"publisher\":{\"@id\":\"https:\/\/hotelmuza.sk\/#organization\"},\"potentialAction\":[{\"@type\":\"SearchAction\",\"target\":{\"@type\":\"EntryPoint\",\"urlTemplate\":\"https:\/\/hotelmuza.sk\/?s={search_term_string}\"},\"query-input\":{\"@type\":\"PropertyValueSpecification\",\"valueRequired\":true,\"valueName\":\"search_term_string\"}}],\"inLanguage\":\"en-US\"},{\"@type\":[\"Organization\",\"Place\"],\"@id\":\"https:\/\/hotelmuza.sk\/#organization\",\"name\":\"M\u00daZA GROUP, s.r.o.\",\"url\":\"https:\/\/hotelmuza.sk\/\",\"logo\":{\"@id\":\"https:\/\/hotelmuza.sk\/en\/room-search\/#local-main-organization-logo\"},\"image\":{\"@id\":\"https:\/\/hotelmuza.sk\/en\/room-search\/#local-main-organization-logo\"},\"description\":\"Dizajnov\u00fd Hotel M\u00faza, Ko\u0161ice sa sna\u017e\u00ed v palete hotelov pon\u00faknu\u0165 na slovenskom trhu nie\u010do in\u00e9. Ide najm\u00e4 o origin\u00e1lny n\u00e1pad vytvori\u0165 hotel ako netradi\u010dn\u00fa gal\u00e9riu viacer\u00fdch m\u00faz umenia \u2013 filmovej, v\u00fdtvarnej a hudobnej.\",\"legalName\":\"M\u00daZA GROUP, s.r.o.\",\"foundingDate\":\"2018-05-14\",\"numberOfEmployees\":{\"@type\":\"QuantitativeValue\",\"minValue\":\"1\",\"maxValue\":\"10\"},\"address\":{\"@id\":\"https:\/\/hotelmuza.sk\/en\/room-search\/#local-main-place-address\"},\"geo\":{\"@type\":\"GeoCoordinates\",\"latitude\":\"48.699188663869265\",\"longitude\":\"21.249649201224518\"},\"telephone\":[],\"contactPoint\":{\"@type\":\"ContactPoint\",\"telephone\":\"+421 915 757 570\",\"email\":\"muza@hotelmuza.sk\"},\"openingHoursSpecification\":{\"@type\":\"OpeningHoursSpecification\",\"dayOfWeek\":[\"Monday\",\"Tuesday\",\"Wednesday\",\"Thursday\",\"Friday\",\"Saturday\",\"Sunday\"],\"opens\":\"00:00\",\"closes\":\"23:59\"},\"vatID\":\"SK2120738631\",\"taxID\":\"2120738631\"},{\"@type\":\"PostalAddress\",\"@id\":\"https:\/\/hotelmuza.sk\/en\/room-search\/#local-main-place-address\",\"streetAddress\":\"Pri prach\u00e1rni 5\",\"addressLocality\":\"Ko\u0161ice\",\"postalCode\":\"04011\",\"addressRegion\":\"KE\",\"addressCountry\":\"SK\"},{\"@type\":\"ImageObject\",\"inLanguage\":\"en-US\",\"@id\":\"https:\/\/hotelmuza.sk\/en\/room-search\/#local-main-organization-logo\",\"url\":\"https:\/\/hotelmuza.sk\/wp-content\/uploads\/2025\/04\/hotel-muza-logo-g.webp\",\"contentUrl\":\"https:\/\/hotelmuza.sk\/wp-content\/uploads\/2025\/04\/hotel-muza-logo-g.webp\",\"width\":1080,\"height\":1080,\"caption\":\"M\u00daZA GROUP, s.r.o.\"}]}<\/script>\n<meta name=\"geo.placename\" content=\"Ko\u0161ice\" \/>\n<meta name=\"geo.position\" content=\"48.699188663869265;21.249649201224518\" \/>\n<meta name=\"geo.region\" content=\"Slovakia\" \/>\n<!-- \/ Yoast SEO Premium plugin. -->","yoast_head_json":{"title":"Room search - Muza","robots":{"index":"index","follow":"follow","max-snippet":"max-snippet:-1","max-image-preview":"max-image-preview:large","max-video-preview":"max-video-preview:-1"},"canonical":"https:\/\/hotelmuza.sk\/en\/room-search\/","og_locale":"en_US","og_type":"article","og_title":"Room search","og_url":"https:\/\/hotelmuza.sk\/en\/room-search\/","og_site_name":"Muza","twitter_card":"summary_large_image","schema":{"@context":"https:\/\/schema.org","@graph":[{"@type":"WebPage","@id":"https:\/\/hotelmuza.sk\/en\/room-search\/","url":"https:\/\/hotelmuza.sk\/en\/room-search\/","name":"Room search - Muza","isPartOf":{"@id":"https:\/\/hotelmuza.sk\/#website"},"datePublished":"2022-08-09T07:02:12+00:00","breadcrumb":{"@id":"https:\/\/hotelmuza.sk\/en\/room-search\/#breadcrumb"},"inLanguage":"en-US","potentialAction":[{"@type":"ReadAction","target":["https:\/\/hotelmuza.sk\/en\/room-search\/"]}]},{"@type":"BreadcrumbList","@id":"https:\/\/hotelmuza.sk\/en\/room-search\/#breadcrumb","itemListElement":[{"@type":"ListItem","position":1,"name":"Home","item":"https:\/\/hotelmuza.sk\/en\/"},{"@type":"ListItem","position":2,"name":"Room search"}]},{"@type":"WebSite","@id":"https:\/\/hotelmuza.sk\/#website","url":"https:\/\/hotelmuza.sk\/","name":"Muza","description":"Dizajnov\u00fd hotel v Ko\u0161iciach","publisher":{"@id":"https:\/\/hotelmuza.sk\/#organization"},"potentialAction":[{"@type":"SearchAction","target":{"@type":"EntryPoint","urlTemplate":"https:\/\/hotelmuza.sk\/?s={search_term_string}"},"query-input":{"@type":"PropertyValueSpecification","valueRequired":true,"valueName":"search_term_string"}}],"inLanguage":"en-US"},{"@type":["Organization","Place"],"@id":"https:\/\/hotelmuza.sk\/#organization","name":"M\u00daZA GROUP, s.r.o.","url":"https:\/\/hotelmuza.sk\/","logo":{"@id":"https:\/\/hotelmuza.sk\/en\/room-search\/#local-main-organization-logo"},"image":{"@id":"https:\/\/hotelmuza.sk\/en\/room-search\/#local-main-organization-logo"},"description":"Dizajnov\u00fd Hotel M\u00faza, Ko\u0161ice sa sna\u017e\u00ed v palete hotelov pon\u00faknu\u0165 na slovenskom trhu nie\u010do in\u00e9. Ide najm\u00e4 o origin\u00e1lny n\u00e1pad vytvori\u0165 hotel ako netradi\u010dn\u00fa gal\u00e9riu viacer\u00fdch m\u00faz umenia \u2013 filmovej, v\u00fdtvarnej a hudobnej.","legalName":"M\u00daZA GROUP, s.r.o.","foundingDate":"2018-05-14","numberOfEmployees":{"@type":"QuantitativeValue","minValue":"1","maxValue":"10"},"address":{"@id":"https:\/\/hotelmuza.sk\/en\/room-search\/#local-main-place-address"},"geo":{"@type":"GeoCoordinates","latitude":"48.699188663869265","longitude":"21.249649201224518"},"telephone":[],"contactPoint":{"@type":"ContactPoint","telephone":"+421 915 757 570","email":"muza@hotelmuza.sk"},"openingHoursSpecification":{"@type":"OpeningHoursSpecification","dayOfWeek":["Monday","Tuesday","Wednesday","Thursday","Friday","Saturday","Sunday"],"opens":"00:00","closes":"23:59"},"vatID":"SK2120738631","taxID":"2120738631"},{"@type":"PostalAddress","@id":"https:\/\/hotelmuza.sk\/en\/room-search\/#local-main-place-address","streetAddress":"Pri prach\u00e1rni 5","addressLocality":"Ko\u0161ice","postalCode":"04011","addressRegion":"KE","addressCountry":"SK"},{"@type":"ImageObject","inLanguage":"en-US","@id":"https:\/\/hotelmuza.sk\/en\/room-search\/#local-main-organization-logo","url":"https:\/\/hotelmuza.sk\/wp-content\/uploads\/2025\/04\/hotel-muza-logo-g.webp","contentUrl":"https:\/\/hotelmuza.sk\/wp-content\/uploads\/2025\/04\/hotel-muza-logo-g.webp","width":1080,"height":1080,"caption":"M\u00daZA GROUP, s.r.o."}]},"geo.placename":"Ko\u0161ice","geo.position":{"lat":"48.699188663869265","long":"21.249649201224518"},"geo.region":"Slovakia"},"_links":{"self":[{"href":"https:\/\/hotelmuza.sk\/en\/wp-json\/wp\/v2\/pages\/7110","targetHints":{"allow":["GET"]}}],"collection":[{"href":"https:\/\/hotelmuza.sk\/en\/wp-json\/wp\/v2\/pages"}],"about":[{"href":"https:\/\/hotelmuza.sk\/en\/wp-json\/wp\/v2\/types\/page"}],"author":[{"embeddable":true,"href":"https:\/\/hotelmuza.sk\/en\/wp-json\/wp\/v2\/users\/1"}],"replies":[{"embeddable":true,"href":"https:\/\/hotelmuza.sk\/en\/wp-json\/wp\/v2\/comments?post=7110"}],"version-history":[{"count":0,"href":"https:\/\/hotelmuza.sk\/en\/wp-json\/wp\/v2\/pages\/7110\/revisions"}],"wp:attachment":[{"href":"https:\/\/hotelmuza.sk\/en\/wp-json\/wp\/v2\/media?parent=7110"}],"curies":[{"name":"wp","href":"https:\/\/api.w.org\/{rel}","templated":true}]}}